{"id":4572,"date":"2024-01-12T12:23:16","date_gmt":"2024-01-12T11:23:16","guid":{"rendered":"https:\/\/pluscatering.be\/favo-friet\/"},"modified":"2025-04-25T15:15:35","modified_gmt":"2025-04-25T13:15:35","slug":"favo-frites","status":"publish","type":"page","link":"https:\/\/pluscatering.be\/fr\/favo-frites\/","title":{"rendered":"Favo Frites"},"content":{"rendered":"<section class=\"mt-0 mt-md-6 mt-xl-6 mb-0 pb-xl-10\">\n<div class=\"ast-row\">\n<div class=\"ast-col-lg-5 align-self-center\">\n<div class=\"over-ons-info-wrap\">\n<h2 class=\"homepagina\">Formules Favo Frites &#8211; PlusCatering<\/h2>\n<p>Les camions-restaurants de PlusCatering n&rsquo;apportent pas seulement de d\u00e9licieuses frites Favo et des en-cas \u00e0 domicile, mais \u00e9galement une exp\u00e9rience inoubliable \u00e0 votre c\u00e9l\u00e9bration ou \u00e9v\u00e9nement.<\/p>\n<p>En plus des frites et des en-cas, nous proposons \u00e9galement des p\u00e2tes, du kebab et des desserts. Contactez PlusCatering d\u00e8s aujourd&rsquo;hui et d\u00e9couvrez comment nos camions-restaurants peuvent transformer votre c\u00e9l\u00e9bration en un spectacle culinaire m\u00e9morable ! <\/p>\n<p><a class=\"mil-link mil-mb-30\" href=\"https:\/\/pluscatering.be\/fr\/contact\/\">Nous contacter<i class=\"fa fa-arrow-right\"><\/i><\/a><\/p>\n<\/div>\n<\/div>\n<div class=\"ast-col-lg-6 ast-col-lg-offset-1 mt-4 mb-4 mt-md-0\">\n<div class=\"foto-img animate-box\" data-animate-effect=\"fadeInUp\">\n<div class=\"img\"><img loading=\"lazy\" decoding=\"async\" class=\"alignnone size-full wp-image-4280\" src=\"\/wp-content\/uploads\/pluscatering-2560-46.jpg\" alt=\"Camion-restaurant pour Favo Friet et En-cas - PlusCatering\" width=\"1200\" height=\"800\"><\/div>\n<div class=\"foto-img-2 foto-buro\"><img decoding=\"async\" class=\"foto-icon\" src=\"\/wp-content\/uploads\/icon-wit-100.png\" alt=\"Service de restauration Favo Friet avec un Plus - Camions-restaurants PlusCatering\"> Favo Friet<\/div>\n<\/div>\n<\/div>\n<\/div>\n<\/section>\n","protected":false},"excerpt":{"rendered":"<p>Formules Favo Frites &#8211; PlusCatering Les camions-restaurants de PlusCatering n&rsquo;apportent pas seulement de d\u00e9licieuses frites [&hellip;]<\/p>\n","protected":false},"author":1,"featured_media":0,"parent":0,"menu_order":2,"comment_status":"closed","ping_status":"closed","template":"","meta":{"_acf_changed":false,"site-sidebar-layout":"default","site-content-layout":"","ast-site-content-layout":"default","site-content-style":"default","site-sidebar-style":"default","ast-global-header-display":"","ast-banner-title-visibility":"","ast-main-header-display":"","ast-hfb-above-header-display":"","ast-hfb-below-header-display":"","ast-hfb-mobile-header-display":"","site-post-title":"disabled","ast-breadcrumbs-content":"disabled","ast-featured-img":"","footer-sml-layout":"","ast-disable-related-posts":"","theme-transparent-header-meta":"default","adv-header-id-meta":"4234","stick-header-meta":"default","header-above-stick-meta":"","header-main-stick-meta":"","header-below-stick-meta":"","astra-migrate-meta-layouts":"set","ast-page-background-enabled":"default","ast-page-background-meta":{"desktop":{"background-color":"","background-image":"","background-repeat":"repeat","background-position":"center center","background-size":"auto","background-attachment":"scroll","background-type":"","background-media":"","overlay-type":"","overlay-color":"","overlay-opacity":"","overlay-gradient":""},"tablet":{"background-color":"","background-image":"","background-repeat":"repeat","background-position":"center center","background-size":"auto","background-attachment":"scroll","background-type":"","background-media":"","overlay-type":"","overlay-color":"","overlay-opacity":"","overlay-gradient":""},"mobile":{"background-color":"","background-image":"","background-repeat":"repeat","background-position":"center center","background-size":"auto","background-attachment":"scroll","background-type":"","background-media":"","overlay-type":"","overlay-color":"","overlay-opacity":"","overlay-gradient":""}},"ast-content-background-meta":{"desktop":{"background-color":"var(--ast-global-color-5)","background-image":"","background-repeat":"repeat","background-position":"center center","background-size":"auto","background-attachment":"scroll","background-type":"","background-media":"","overlay-type":"","overlay-color":"","overlay-opacity":"","overlay-gradient":""},"tablet":{"background-color":"var(--ast-global-color-5)","background-image":"","background-repeat":"repeat","background-position":"center center","background-size":"auto","background-attachment":"scroll","background-type":"","background-media":"","overlay-type":"","overlay-color":"","overlay-opacity":"","overlay-gradient":""},"mobile":{"background-color":"var(--ast-global-color-5)","background-image":"","background-repeat":"repeat","background-position":"center center","background-size":"auto","background-attachment":"scroll","background-type":"","background-media":"","overlay-type":"","overlay-color":"","overlay-opacity":"","overlay-gradient":""}},"footnotes":""},"class_list":["post-4572","page","type-page","status-publish","hentry"],"acf":[],"_links":{"self":[{"href":"https:\/\/pluscatering.be\/fr\/wp-json\/wp\/v2\/pages\/4572","targetHints":{"allow":["GET"]}}],"collection":[{"href":"https:\/\/pluscatering.be\/fr\/wp-json\/wp\/v2\/pages"}],"about":[{"href":"https:\/\/pluscatering.be\/fr\/wp-json\/wp\/v2\/types\/page"}],"author":[{"embeddable":true,"href":"https:\/\/pluscatering.be\/fr\/wp-json\/wp\/v2\/users\/1"}],"replies":[{"embeddable":true,"href":"https:\/\/pluscatering.be\/fr\/wp-json\/wp\/v2\/comments?post=4572"}],"version-history":[{"count":0,"href":"https:\/\/pluscatering.be\/fr\/wp-json\/wp\/v2\/pages\/4572\/revisions"}],"wp:attachment":[{"href":"https:\/\/pluscatering.be\/fr\/wp-json\/wp\/v2\/media?parent=4572"}],"curies":[{"name":"wp","href":"https:\/\/api.w.org\/{rel}","templated":true}]}}