{"id":4775,"date":"2025-07-30T08:41:38","date_gmt":"2025-07-30T06:41:38","guid":{"rendered":"https:\/\/pluscatering.be\/location-de-camion-a-frites-a-anvers\/"},"modified":"2025-07-30T08:41:38","modified_gmt":"2025-07-30T06:41:38","slug":"location-de-camion-a-frites-a-anvers","status":"publish","type":"page","link":"https:\/\/pluscatering.be\/fr\/location-de-camion-a-frites-a-anvers\/","title":{"rendered":"Location de camion \u00e0 frites \u00e0 Anvers"},"content":{"rendered":"<section class=\"assortiment sterk-blog home pt-6 pb-3 pt-md-8 pt-lg-8 mt-md-0 animate-box\" data-animate-effect=\"fadeInUp\">\n<div class=\"ltn__feature-area before-bg-bottom-2\">\n<div class=\"ast-container\">\n<div class=\"ast-row\">\n<div class=\"ast-col-xl-5 ast-col-lg-5 ast-col-sm-5 ast-col-xs-12\">\n<h2 class=\"mb-2\">Composez votre formule foodtruck id\u00e9ale, calculez le prix et recevez rapidement un devis pour votre f\u00eate ou \u00e9v\u00e9nement \u00e0 Anvers !<\/h2>\n<hr class=\"small2\">\n<p>Vous organisez un mariage, un \u00e9v\u00e9nement d&rsquo;entreprise, une communion ou une f\u00eate de quartier \u00e0 Anvers ? Un d\u00e9licieux service traiteur ne peut pas manquer. <\/p>\n<p>Pourquoi choisir un service traiteur classique quand vous pouvez simplement <strong>louer un camion \u00e0 frites \u00e0 Anvers<\/strong> ? Avec nos propres <strong>camions \u00e0 frites<\/strong> et foodtrucks, nous apportons des frites fra\u00eeches, des snacks et de l&rsquo;ambiance directement sur votre site. <\/p>\n<p><img decoding=\"async\" class=\"keuze\" src=\"https:\/\/pluscatering.be\/wp-content\/uploads\/kies-aanbod.png\" alt=\"Choisissez votre Foodtruck d\u00e9sir\u00e9 - PlusCatering\">\n<\/div>\n<div class=\"ast-col-xl-6 ast-col-xl-offset-1 ast-col-lg-6 ast-col-lg-offset-1 ast-col-sm-6 ast-col-sm-offset-1 ast-col-xs-12\">\nNos <strong>cuisines mobiles<\/strong> garantissent une exp\u00e9rience culinaire compl\u00e8te \u2013 partout \u00e0 Anvers. Que vous choisissiez un <strong>camion \u00e0 frites \u00e0 domicile \u00e0 Anvers<\/strong>, un camion \u00e0 burgers tendance ou une gamme compl\u00e8te de foodtrucks : tout est compos\u00e9 sur mesure. <\/p>\n<p>Notre <strong>service traiteur foodtruck<\/strong> convient aussi bien aux petits qu&rsquo;aux grands groupes, \u00e0 l&rsquo;int\u00e9rieur ou \u00e0 l&rsquo;ext\u00e9rieur. Avec des accords de prix clairs par personne et aucun co\u00fbt cach\u00e9, vous savez exactement ce que vous obtenez : un <strong>service traiteur \u00e0 Anvers<\/strong> sans souci et de qualit\u00e9. <\/p>\n<p>\u2714\ufe0f <strong>R\u00e9server un foodtruck pour un festival, une f\u00eate du personnel ou une communion ?<\/strong><br \/>\u2714\ufe0f <strong>Louer un camion \u00e0 frites \u00e0 Anvers pour votre f\u00eate de jardin ou mariage ?<\/strong><br \/>\u2714\ufe0f <strong>Service traiteur mobile professionnel avec le c\u0153ur sur la main ?<\/strong><\/p>\n<p>S\u00e9lectionnez votre formule et recevez un devis sans engagement dans les 24 heures !\n<\/p><\/div>\n<\/div>\n<\/div>\n<\/div>\n<\/section>\n\t\t\t\t\t<div class=\"astra-advanced-hook-4764 \">\n\t\t\t\t<section class=\"assortiment sterk-blog home pb-3  pb-md-4 mt-md-0 animate-box plr--5\" data-animate-effect=\"fadeInUp\">\r\n\t<div class=\"ast-container-fluid\">\r\n\t\t<div class=\"ltn__border-between-column\">\r\n\t\t\t<div class=\"owl-carousel owl-theme\">\r\n\t\t\t\t\t\t\t\t\t\t\t\t<div class=\"item\">\r\n\t\t\t\t\t<div class=\"position-re o-hidden\">\r\n\t\t\t\t\t\t<a href=\"https:\/\/pluscatering.be\/frietwagen-huren\/\"> \r\n\t\t\t\t\t\t\t<div class=\"gallery-box\">\r\n\t\t\t\t\t\t\t\t<img decoding=\"async\" class=\"gallery-img\" src=\"https:\/\/pluscatering.be\/wp-content\/uploads\/frieten-pluscatering-400x400.jpg\" alt=\"Frietwagen - PlusCatering\">\r\n\t\t\t\t\t\t\t<\/div>\r\n\t\t\t\t\t\t<\/a>\r\n\t\t\t\t\t<\/div>\r\n\t\t\t\t\t<div class=\"con2\">\r\n\t\t\t\t\t\t<h5><a href=\"https:\/\/pluscatering.be\/frietwagen-huren\/\">Frietwagen<\/a><\/h5>\r\n\t\t\t\t\t<\/div>\r\n\t\t\t\t<\/div>\r\n\t\t\t\t\t\t\t\t<div class=\"item\">\r\n\t\t\t\t\t<div class=\"position-re o-hidden\">\r\n\t\t\t\t\t\t<a href=\"https:\/\/pluscatering.be\/favo-friet\/\"> \r\n\t\t\t\t\t\t\t<div class=\"gallery-box\">\r\n\t\t\t\t\t\t\t\t<img decoding=\"async\" class=\"gallery-img\" src=\"https:\/\/pluscatering.be\/wp-content\/uploads\/favofriet.jpg\" alt=\"Favo Frietwagen - PlusCatering\">\r\n\t\t\t\t\t\t\t<\/div>\r\n\t\t\t\t\t\t<\/a>\r\n\t\t\t\t\t<\/div>\r\n\t\t\t\t\t<div class=\"con2\">\r\n\t\t\t\t\t\t<h5><a href=\"https:\/\/pluscatering.be\/favo-friet\/\">Favo Frietwagen<\/a><\/h5>\r\n\t\t\t\t\t<\/div>\r\n\t\t\t\t<\/div>\r\n\t\t\t\t\t\t\t\t<div class=\"item\">\r\n\t\t\t\t\t<div class=\"position-re o-hidden\">\r\n\t\t\t\t\t\t<a href=\"https:\/\/pluscatering.be\/kebab\/\"> \r\n\t\t\t\t\t\t\t<div class=\"gallery-box\">\r\n\t\t\t\t\t\t\t\t<img decoding=\"async\" class=\"gallery-img\" src=\"https:\/\/pluscatering.be\/wp-content\/uploads\/kebab-pluscatering-400x400.jpg\" alt=\"Kebab - PlusCatering\">\r\n\t\t\t\t\t\t\t<\/div>\r\n\t\t\t\t\t\t<\/a>\r\n\t\t\t\t\t<\/div>\r\n\t\t\t\t\t<div class=\"con2\">\r\n\t\t\t\t\t\t<h5><a href=\"https:\/\/pluscatering.be\/kebab\/\">Kebab<\/a><\/h5>\r\n\t\t\t\t\t<\/div>\r\n\t\t\t\t<\/div>\r\n\t\t\t\t\t\t\t\t<div class=\"item\">\r\n\t\t\t\t\t<div class=\"position-re o-hidden\">\r\n\t\t\t\t\t\t<a href=\"https:\/\/pluscatering.be\/pasta\/\"> \r\n\t\t\t\t\t\t\t<div class=\"gallery-box\">\r\n\t\t\t\t\t\t\t\t<img decoding=\"async\" class=\"gallery-img\" src=\"https:\/\/pluscatering.be\/wp-content\/uploads\/pluscatering-pasta-400x400.jpg\" alt=\"Pasta - PlusCatering\">\r\n\t\t\t\t\t\t\t<\/div>\r\n\t\t\t\t\t\t<\/a>\r\n\t\t\t\t\t<\/div>\r\n\t\t\t\t\t<div class=\"con2\">\r\n\t\t\t\t\t\t<h5><a href=\"https:\/\/pluscatering.be\/pasta\/\">Pasta<\/a><\/h5>\r\n\t\t\t\t\t<\/div>\r\n\t\t\t\t<\/div>\r\n\t\t\t\t\t\t\t\t<div class=\"item\">\r\n\t\t\t\t\t<div class=\"position-re o-hidden\">\r\n\t\t\t\t\t\t<a href=\"https:\/\/pluscatering.be\/desserts\/\"> \r\n\t\t\t\t\t\t\t<div class=\"gallery-box\">\r\n\t\t\t\t\t\t\t\t<img decoding=\"async\" class=\"gallery-img\" src=\"https:\/\/pluscatering.be\/wp-content\/uploads\/desserts-pluscatering-400x400.png\" alt=\"Desserts - PlusCatering\">\r\n\t\t\t\t\t\t\t<\/div>\r\n\t\t\t\t\t\t<\/a>\r\n\t\t\t\t\t<\/div>\r\n\t\t\t\t\t<div class=\"con2\">\r\n\t\t\t\t\t\t<h5><a href=\"https:\/\/pluscatering.be\/desserts\/\">Desserts<\/a><\/h5>\r\n\t\t\t\t\t<\/div>\r\n\t\t\t\t<\/div>\r\n\t\t\t\t\t\t\t\t\t\t\t<\/div>\r\n\t\t<\/div>\r\n\t<\/div>\r\n<\/section>\r\n<section class=\"trust-one\">\r\n\t<div class=\"trust-one__img\">\r\n\t\t<img decoding=\"async\" src=\"\/wp-content\/uploads\/klanten-3.png\" alt=\"Duizenden klanten gingen je al voor: Kies voor d\u00e9 frietwagens met een Plus - PlusCatering\">\r\n\t<\/div>\r\n\t<div class=\"ast-container\">\r\n\t\t<div class=\"trust-one__inner\">\r\n\t\t\t<div class=\"trust-one__left\">\r\n\t\t\t\t<h3 class=\"trust-one__title text-white\">Duizenden klanten gingen je al voor: Kies voor d\u00e9 frituur met een Plus <img loading=\"lazy\" decoding=\"async\" width=\"32\" height=\"32\" src=\"\/wp-content\/uploads\/icon-32.png\" alt=\"Frituur aan huis met een Plus - PlusCatering\"><\/h3>\r\n\t\t\t<\/div>\r\n\t\t\t<div class=\"trust-one__right mt-2 mt-md-4\">\r\n\t\t\t\t<div class=\"trust-one__btn-box\">\r\n\t\t\t\t\t<a href=\"\/offerte-aanvragen\/\" class=\"button\">Offerte aanvragen<\/a>\r\n\t\t\t\t<\/div>\r\n\t\t\t<\/div>\r\n\t\t<\/div>\r\n\t<\/div>\r\n<\/section>\t\t\t\t\t<\/div>\n\t\t\t\t\n<section class=\"process-one pt-6 pb-6 pt-md-10 pb-md-10 pt-lg-12 pb-lg-12\">\n<div class=\"ast-container\">\n<div class=\"section-title text-center\">\n<h2 class=\"section-title__title mb-3 mb-md-6\" style=\"max-width: 600px; margin: 30px auto;\">Comment louer un camion \u00e0 frites ou foodtruck \u00e0 Anvers avec PlusCatering ?<\/h2>\n<\/div>\n<div class=\"process-one__inner\">\n<div class=\"ast-row\">\n<div class=\"ast-col-xl-4 ast-col-lg-4\">\n<div class=\"process-one__single\">\n<div class=\"process-one__img-box\">\n<div class=\"process-one__shape-1\"><\/div>\n<div class=\"process-one__img mt-2\">\n<div class=\"process-one__count\"><\/div>\n<p><img decoding=\"async\" class=\"animate-box\" src=\"\/wp-content\/uploads\/process-2-1.jpg\" alt=\"Commander un camion \u00e0 frites ou foodtruck \u00e0 Anvers - PlusCatering\" data-animate-effect=\"fadeIn\">\n<\/div>\n<\/div>\n<h3 class=\"process-one__title\">\u00c9tape 1<\/h3>\n<p class=\"process-one__text\">Consultez notre offre en ligne ou n&rsquo;h\u00e9sitez pas \u00e0 nous contacter. Nous vous conseillons dans le choix du <strong>camion \u00e0 frites \u00e0 Anvers<\/strong> appropri\u00e9 ou d&rsquo;un autre foodtruck \u2013 adapt\u00e9 \u00e0 votre f\u00eate, lieu et invit\u00e9s. Des frites \u00e0 la street food internationale : tout est possible.  <\/p>\n<\/div>\n<\/div>\n<div class=\"ast-col-xl-4 ast-col-lg-4\">\n<div class=\"process-one__single\">\n<div class=\"process-one__img-box\">\n<div class=\"process-one__shape-3\"><\/div>\n<div class=\"process-one__shape-4\"><\/div>\n<div class=\"process-one__img mt-2\">\n<div class=\"process-one__count\"><\/div>\n<p><img decoding=\"async\" class=\"animate-box\" src=\"\/wp-content\/uploads\/process-1-5.jpg\" alt=\"Location camion \u00e0 frites Anvers - PlusCatering\" data-animate-effect=\"fadeIn\">\n<\/div>\n<\/div>\n<h3 class=\"process-one__title\">\u00c9tape 2<\/h3>\n<p class=\"process-one__text\">Apr\u00e8s votre accord sur le devis, nous organisons tout. Le <strong>camion \u00e0 frites est livr\u00e9 sur votre site \u00e0 Anvers<\/strong>, avec personnel complet et \u00e9quipement ad\u00e9quat. Vous n&rsquo;avez \u00e0 penser \u00e0 rien \u2013 nous nous occupons de tout pour vous.  <\/p>\n<\/div>\n<\/div>\n<div class=\"ast-col-xl-4 ast-col-lg-4\">\n<div class=\"process-one__single\">\n<div class=\"process-one__img-box\">\n<div class=\"process-one__shape-2\"><\/div>\n<div class=\"process-one__img mt-2\">\n<div class=\"process-one__count\"><\/div>\n<p><img decoding=\"async\" class=\"animate-box\" src=\"\/wp-content\/uploads\/process-1-4.jpg\" alt=\"Service traiteur avec camion \u00e0 frites - PlusCatering\" data-animate-effect=\"fadeIn\">\n<\/div>\n<\/div>\n<h3 class=\"process-one__title\">\u00c9tape 3<\/h3>\n<p class=\"process-one__text\">Le jour J, nos <strong>camions \u00e0 frites et foodtrucks \u00e0 Anvers<\/strong> servent des frites fra\u00eeches, des snacks et de la street food \u2013 avec amour, rapidit\u00e9 et qualit\u00e9. Vos invit\u00e9s sont choy\u00e9s avec une exp\u00e9rience culinaire m\u00e9morable. <\/p>\n<\/div>\n<\/div>\n<\/div>\n<\/div>\n<div class=\"vragen aligncenter mt-0 mt-md-3\">\n<hr class=\"small\">\n<p class=\"mt-4\" style=\"max-width: 700px; margin: 30px auto;\">Vous avez des questions sur la <em>location de camion \u00e0 frites \u00e0 Anvers<\/em> ou voulez en savoir plus sur nos possibilit\u00e9s de foodtrucks ? Consultez notre FAQ ou contactez-nous sans engagement. Nous sommes l\u00e0 pour vous !  <\/p>\n<div class=\"mt-3\"><a class=\"button\" href=\"https:\/\/pluscatering.be\/fr\/faq\/\">Questions fr\u00e9quemment pos\u00e9es<\/a><\/div>\n<\/div>\n<\/div>\n<\/section>\n<section class=\"parallax big-section pt-8 pb-6 pt-xl-13 pb-xl-12\" style=\"background: linear-gradient(to right, #195a64cc, #195a64d6), url('\/wp-content\/uploads\/pluscatering-2560-53.jpg') center center;\">\n<div class=\"opacity-full\"><\/div>\n<div class=\"ast-container\">\n<div class=\"ast-row\">\n<div class=\"ast-col-10 ast-col-xl-10 ast-col-lg-10 ast-col-xl-offset-1 ast-col-xl-offset-1 ast-col-sm-10 ast-col-sm-offset-1 aligncenter\">\n<h4 class=\"text-white alt-font mb-3 animate-box\" data-animate-effect=\"fadeInUp\">PlusCatering offre bien plus que de la nourriture seule. Nos <strong>foodtrucks et camions \u00e0 frites \u00e0 Anvers<\/strong> combinent go\u00fbt, service et ambiance pour une exp\u00e9rience totale inoubliable. <\/h4>\n<h3 class=\"mb-1 text-white animate-box\" data-animate-effect=\"fadeInUp\"><img decoding=\"async\" class=\"google-reviews mb-1\" src=\"https:\/\/pluscatering.be\/wp-content\/uploads\/google_logo-50x50-1.png\" alt=\"Avis Google PlusCatering - Camions \u00e0 frites et Foodtrucks\" width=\"35\" heigh=\"35\">  5,0 <small><a style=\"color: #fff; border-botom: none;\" target=\"_blank\" href=\"https:\/\/www.google.com\/search?q=Pluscatering+Reviews\">(79 avis)<\/a><\/small><\/h3>\n<hr class=\"small animate-box\" data-animate-effect=\"fadeInUp\">\n<p><img loading=\"lazy\" decoding=\"async\" class=\"mb-2 mt-3 animate-box\" src=\"\/wp-content\/uploads\/icon-200-dwars.png\" alt=\"PlusCatering Foodtrucks\" width=\"100\" height=\"100\" data-animate-effect=\"fadeInUp\">\n<\/div>\n<\/div>\n<\/div>\n<\/section>\n<section class=\"sliding-text d-none d-md-block\">\n<div class=\"sliding-text__wrap\">\n<ul class=\"sliding-text__list list-unstyled\">\n<li>+ F\u00eate d&rsquo;entreprise Anvers<\/li>\n<li>+ \u00c9v\u00e9nement Anvers<\/li>\n<li>+ F\u00eate d&rsquo;anniversaire Anvers<\/li>\n<li>+ Festival<\/li>\n<li>+ Foodtrucks<\/li>\n<li>+ Mariage<\/li>\n<li>+ \u00c9v\u00e9nement d&rsquo;entreprise<\/li>\n<li>+ Rassemblement de quartier<\/li>\n<li>+ F\u00eate d&rsquo;enfants<\/li>\n<li>+ Camion \u00e0 frites Anvers<\/li>\n<li>+ Location stand \u00e0 frites<\/li>\n<li>+ Traiteur Anvers<\/li>\n<li>+ Carriole \u00e0 frites Anvers<\/li>\n<li>+ F\u00eate Anvers<\/li>\n<\/ul>\n<\/div>\n<\/section>\n<section class=\"mt-0 mt-md-6 mt-xl-8 mt-xxl-10 mb-0 pb-xl-10\">\n<div class=\"ast-container\">\n<div class=\"ast-row align-items-center\">\n<div class=\"ast-col-lg-6 align-self-center\">\n<div class=\"over-ons-info-wrap\">\n<h2 class=\"s400\">Location de camions \u00e0 frites et foodtrucks \u00e0 Anvers<\/h2>\n<hr class=\"small2\">\n<p>Chez PlusCatering, il s&rsquo;agit de bien plus que de simples frites. Nos <strong>camions \u00e0 frites \u00e0 Anvers<\/strong> offrent une exp\u00e9rience culinaire compl\u00e8te \u2014 id\u00e9ale pour toute f\u00eate, d&rsquo;un anniversaire \u00e0 un \u00e9v\u00e9nement d&rsquo;entreprise ou mariage. <\/p>\n<p>Louer un <strong>camion \u00e0 frites \u00e0 Anvers<\/strong> signifie un service traiteur sans stress sur site : personnel professionnel, ingr\u00e9dients frais et service impeccable.<\/p>\n<p>De plus, nous proposons divers <strong>foodtrucks<\/strong> avec notamment des p\u00e2tes, kebabs, burgers et desserts \u2013 tout adapt\u00e9 \u00e0 vos invit\u00e9s et souhaits.<\/p>\n<p>Vous voulez <strong>louer un stand \u00e0 frites mobile \u00e0 Anvers<\/strong> pour une f\u00eate de jardin, un festival ou une f\u00eate de famille ? Demandez d\u00e8s aujourd&rsquo;hui un devis sans engagement et d\u00e9couvrez vous-m\u00eame la qualit\u00e9 de PlusCatering. <\/p>\n<div class=\"pt-1\"><a class=\"mil-link button\" title=\"Demander un devis\" href=\"https:\/\/pluscatering.be\/fr\/demander-un-devis\/\">Demander un devis <i class=\"fa fa-arrow-right\"><\/i><\/a><\/div>\n<\/div>\n<\/div>\n<div class=\"ast-col-lg-5 ast-col-lg-offset-1 mt-4 mb-4 mt-md-0\">\n<div class=\"foto-img animate-box\" data-animate-effect=\"fadeInUp\">\n<div class=\"img\"><img loading=\"lazy\" decoding=\"async\" class=\"alignnone wp-image-4418 size-medium\" src=\"https:\/\/pluscatering.be\/wp-content\/uploads\/pluscatering-frietwagen-30.jpg\" alt=\"Location camion \u00e0 frites \u00e0 Anvers - PlusCatering\" width=\"640\" height=\"960\"><\/div>\n<div class=\"foto-img-2 foto-buro\"><img decoding=\"async\" class=\"foto-icon\" src=\"\/wp-content\/uploads\/icon-wit-100.png\" alt=\"Service de restauration de frites avec un plus - Camions de restauration PlusCatering\">  Anvers<\/div>\n<\/div>\n<\/div>\n<\/div>\n<\/div>\n<\/section>\n","protected":false},"excerpt":{"rendered":"<p>Composez votre formule foodtruck id\u00e9ale, calculez le prix et recevez rapidement un devis pour votre [&hellip;]<\/p>\n","protected":false},"author":1,"featured_media":4774,"parent":0,"menu_order":0,"comment_status":"closed","ping_status":"closed","template":"","meta":{"_acf_changed":false,"site-sidebar-layout":"no-sidebar","site-content-layout":"","ast-site-content-layout":"full-width-container","site-content-style":"unboxed","site-sidebar-style":"unboxed","ast-global-header-display":"","ast-banner-title-visibility":"","ast-main-header-display":"","ast-hfb-above-header-display":"","ast-hfb-below-header-display":"","ast-hfb-mobile-header-display":"","site-post-title":"","ast-breadcrumbs-content":"","ast-featured-img":"","footer-sml-layout":"","ast-disable-related-posts":"","theme-transparent-header-meta":"default","adv-header-id-meta":"","stick-header-meta":"default","header-above-stick-meta":"","header-main-stick-meta":"","header-below-stick-meta":"","astra-migrate-meta-layouts":"default","ast-page-background-enabled":"default","ast-page-background-meta":{"desktop":{"background-color":"","background-image":"","background-repeat":"repeat","background-position":"center center","background-size":"auto","background-attachment":"scroll","background-type":"","background-media":"","overlay-type":"","overlay-color":"","overlay-opacity":"","overlay-gradient":""},"tablet":{"background-color":"","background-image":"","background-repeat":"repeat","background-position":"center center","background-size":"auto","background-attachment":"scroll","background-type":"","background-media":"","overlay-type":"","overlay-color":"","overlay-opacity":"","overlay-gradient":""},"mobile":{"background-color":"","background-image":"","background-repeat":"repeat","background-position":"center center","background-size":"auto","background-attachment":"scroll","background-type":"","background-media":"","overlay-type":"","overlay-color":"","overlay-opacity":"","overlay-gradient":""}},"ast-content-background-meta":{"desktop":{"background-color":"var(--ast-global-color-5)","background-image":"","background-repeat":"repeat","background-position":"center center","background-size":"auto","background-attachment":"scroll","background-type":"","background-media":"","overlay-type":"","overlay-color":"","overlay-opacity":"","overlay-gradient":""},"tablet":{"background-color":"var(--ast-global-color-5)","background-image":"","background-repeat":"repeat","background-position":"center center","background-size":"auto","background-attachment":"scroll","background-type":"","background-media":"","overlay-type":"","overlay-color":"","overlay-opacity":"","overlay-gradient":""},"mobile":{"background-color":"var(--ast-global-color-5)","background-image":"","background-repeat":"repeat","background-position":"center center","background-size":"auto","background-attachment":"scroll","background-type":"","background-media":"","overlay-type":"","overlay-color":"","overlay-opacity":"","overlay-gradient":""}},"footnotes":""},"class_list":["post-4775","page","type-page","status-publish","has-post-thumbnail","hentry"],"acf":[],"_links":{"self":[{"href":"https:\/\/pluscatering.be\/fr\/wp-json\/wp\/v2\/pages\/4775","targetHints":{"allow":["GET"]}}],"collection":[{"href":"https:\/\/pluscatering.be\/fr\/wp-json\/wp\/v2\/pages"}],"about":[{"href":"https:\/\/pluscatering.be\/fr\/wp-json\/wp\/v2\/types\/page"}],"author":[{"embeddable":true,"href":"https:\/\/pluscatering.be\/fr\/wp-json\/wp\/v2\/users\/1"}],"replies":[{"embeddable":true,"href":"https:\/\/pluscatering.be\/fr\/wp-json\/wp\/v2\/comments?post=4775"}],"version-history":[{"count":0,"href":"https:\/\/pluscatering.be\/fr\/wp-json\/wp\/v2\/pages\/4775\/revisions"}],"wp:featuredmedia":[{"embeddable":true,"href":"https:\/\/pluscatering.be\/fr\/wp-json\/wp\/v2\/media\/4774"}],"wp:attachment":[{"href":"https:\/\/pluscatering.be\/fr\/wp-json\/wp\/v2\/media?parent=4775"}],"curies":[{"name":"wp","href":"https:\/\/api.w.org\/{rel}","templated":true}]}}